{"id":394,"date":"2021-03-03T02:25:52","date_gmt":"2021-03-03T02:25:52","guid":{"rendered":"https:\/\/temp.vokalensemble-zeronove.ch\/?page_id=394"},"modified":"2023-02-28T22:22:05","modified_gmt":"2023-02-28T21:22:05","slug":"biography","status":"publish","type":"page","link":"https:\/\/vokalensemble-zeronove.ch\/?page_id=394","title":{"rendered":"Ensemble"},"content":{"rendered":"\t\t<div data-elementor-type=\"wp-page\" data-elementor-id=\"394\" class=\"elementor elementor-394\">\n\t\t\t\t\t\t<section class=\"elementor-section elementor-top-section elementor-element elementor-element-d8d5da8 elementor-section-height-full elementor-section-boxed elementor-section-height-default elementor-section-items-middle\" data-id=\"d8d5da8\" data-element_type=\"section\" data-e-type=\"section\" data-settings=\"{&quot;background_background&quot;:&quot;classic&quot;}\">\n\t\t\t\t\t\t\t<div class=\"elementor-background-overlay\"><\/div>\n\t\t\t\t\t\t\t<div class=\"elementor-container elementor-column-gap-no\">\n\t\t\t\t\t<div class=\"elementor-column elementor-col-100 elementor-top-column elementor-element elementor-element-5d02d36\" data-id=\"5d02d36\" data-element_type=\"column\" data-e-type=\"column\">\n\t\t\t<div class=\"elementor-widget-wrap elementor-element-populated\">\n\t\t\t\t\t\t<div class=\"elementor-element elementor-element-c797f68 elementor-widget elementor-widget-heading\" data-id=\"c797f68\" data-element_type=\"widget\" data-e-type=\"widget\" data-widget_type=\"heading.default\">\n\t\t\t\t<div class=\"elementor-widget-container\">\n\t\t\t\t\t<h2 class=\"elementor-heading-title elementor-size-default\">ensemble<\/h2>\t\t\t\t<\/div>\n\t\t\t\t<\/div>\n\t\t\t\t<section class=\"elementor-section elementor-inner-section elementor-element elementor-element-5b53ec6 elementor-section-full_width elementor-section-height-default elementor-section-height-default\" data-id=\"5b53ec6\" data-element_type=\"section\" data-e-type=\"section\">\n\t\t\t\t\t\t<div class=\"elementor-container elementor-column-gap-no\">\n\t\t\t\t\t<div class=\"elementor-column elementor-col-100 elementor-inner-column elementor-element elementor-element-aa70106\" data-id=\"aa70106\" data-element_type=\"column\" data-e-type=\"column\">\n\t\t\t<div class=\"elementor-widget-wrap elementor-element-populated\">\n\t\t\t\t\t\t<div class=\"elementor-element elementor-element-a6633ba elementor-widget elementor-widget-heading\" data-id=\"a6633ba\" data-element_type=\"widget\" data-e-type=\"widget\" data-widget_type=\"heading.default\">\n\t\t\t\t<div class=\"elementor-widget-container\">\n\t\t\t\t\t<h3 class=\"elementor-heading-title elementor-size-default\">STILISTISCHE VIELFALT IN BEGEISTERNDER MUSIKALISCHER AUSF\u00dcHRUNG<\/h3>\t\t\t\t<\/div>\n\t\t\t\t<\/div>\n\t\t\t\t\t<\/div>\n\t\t<\/div>\n\t\t\t\t\t<\/div>\n\t\t<\/section>\n\t\t\t\t\t<\/div>\n\t\t<\/div>\n\t\t\t\t\t<\/div>\n\t\t<\/section>\n\t\t\t\t<section class=\"elementor-section elementor-top-section elementor-element elementor-element-93182e2 elementor-section-boxed elementor-section-height-default elementor-section-height-default\" data-id=\"93182e2\" data-element_type=\"section\" data-e-type=\"section\">\n\t\t\t\t\t\t<div class=\"elementor-container elementor-column-gap-default\">\n\t\t\t\t\t<div class=\"elementor-column elementor-col-100 elementor-top-column elementor-element elementor-element-05f826a\" data-id=\"05f826a\" data-element_type=\"column\" data-e-type=\"column\">\n\t\t\t<div class=\"elementor-widget-wrap elementor-element-populated\">\n\t\t\t\t\t\t<div class=\"elementor-element elementor-element-ba9695f elementor-widget elementor-widget-spacer\" data-id=\"ba9695f\" data-element_type=\"widget\" data-e-type=\"widget\" data-widget_type=\"spacer.default\">\n\t\t\t\t<div class=\"elementor-widget-container\">\n\t\t\t\t\t\t\t<div class=\"elementor-spacer\">\n\t\t\t<div class=\"elementor-spacer-inner\"><\/div>\n\t\t<\/div>\n\t\t\t\t\t\t<\/div>\n\t\t\t\t<\/div>\n\t\t\t\t\t<\/div>\n\t\t<\/div>\n\t\t\t\t\t<\/div>\n\t\t<\/section>\n\t\t\t\t<section class=\"elementor-section elementor-top-section elementor-element elementor-element-daa51e3 elementor-section-boxed elementor-section-height-default elementor-section-height-default\" data-id=\"daa51e3\" data-element_type=\"section\" data-e-type=\"section\">\n\t\t\t\t\t\t<div class=\"elementor-container elementor-column-gap-default\">\n\t\t\t\t\t<div class=\"elementor-column elementor-col-100 elementor-top-column elementor-element elementor-element-5240006\" data-id=\"5240006\" data-element_type=\"column\" data-e-type=\"column\">\n\t\t\t<div class=\"elementor-widget-wrap elementor-element-populated\">\n\t\t\t\t\t\t<div class=\"elementor-element elementor-element-e34dac6 elementor-widget elementor-widget-heading\" data-id=\"e34dac6\" data-element_type=\"widget\" data-e-type=\"widget\" data-widget_type=\"heading.default\">\n\t\t\t\t<div class=\"elementor-widget-container\">\n\t\t\t\t\t<h3 class=\"elementor-heading-title elementor-size-default\">vokalensemble ZERONOVE<\/h3>\t\t\t\t<\/div>\n\t\t\t\t<\/div>\n\t\t\t\t<div class=\"elementor-element elementor-element-acb4a6d elementor-widget elementor-widget-text-editor\" data-id=\"acb4a6d\" data-element_type=\"widget\" data-e-type=\"widget\" data-widget_type=\"text-editor.default\">\n\t\t\t\t<div class=\"elementor-widget-container\">\n\t\t\t\t\t\t\t\t\t<p><span style=\"background-color: rgba(57, 55, 42, 0.65);\">Das in Basel beheimatete professionelle Vokalensemble ZERONOVE wurde 2009 gegr\u00fcndet und besteht aus solistisch ausgebildeten S\u00e4ngerinnen und S\u00e4ngern.\u00a0<\/span><span style=\"background-color: var(--ast-global-color-4);\">Es verfolgt das Ziel, oftmals weniger bekannte Vokalmusik mit hohen musikalischen Anspr\u00fcchen und in zumeist kammermusikalischer Besetzung zur Auff\u00fchrung zu bringen.\u00a0<\/span><span style=\"background-color: rgba(57, 55, 42, 0.65); font-style: inherit; font-weight: inherit; color: var(--ast-global-color-3);\">Zudem bietet das Ensemble den vorwiegend jungen S\u00e4ngerinnen und S\u00e4ngern eine Plattform f\u00fcr solistische Erfahrungen und unterst\u00fctzt sie dadurch in ihrem k\u00fcnstlerischen Werdegang. Je nach Erfordernissen der aufzuf\u00fchrenden Werke wird das Ensemble durch sehr fortgeschrittene Gesangsstudierende erg\u00e4nzt. Stilistisch zeichnen sich die Programme durch grosse Vielfalt aus, wobei der Hauptschwerpunkt unter Ber\u00fccksichtigung auff\u00fchrungspraktischer Erkenntnisse auf vorwiegend geistlicher Vokalmusik aus Renaissance, Barock und Klassik liegt. Das Vokalensemble ZERONOVE wurde verschiedentlich eingeladen, an Konzertreihen bzw. Festivals mitzuwirken (Giacinto Scelsi Festival, Basel \/ Musik im Abendgebet, Stein am Rhein \/ Musique des Lumi\u00e8res \/ Forum f\u00fcr Alte Musik, Z\u00fcrich \/ Barockzentrum Bern). Konzertaufnahmen werden von Radio RTS \/ Espace 2 sowie von Radio SRF2\/ Kultur ausgestrahlt.<\/span><\/p>\t\t\t\t\t\t\t\t<\/div>\n\t\t\t\t<\/div>\n\t\t\t\t\t<\/div>\n\t\t<\/div>\n\t\t\t\t\t<\/div>\n\t\t<\/section>\n\t\t\t\t<section class=\"elementor-section elementor-top-section elementor-element elementor-element-633dda6 elementor-section-boxed elementor-section-height-default elementor-section-height-default\" data-id=\"633dda6\" data-element_type=\"section\" data-e-type=\"section\">\n\t\t\t\t\t\t<div class=\"elementor-container elementor-column-gap-default\">\n\t\t\t\t\t<div class=\"elementor-column elementor-col-100 elementor-top-column elementor-element elementor-element-29046d4\" data-id=\"29046d4\" data-element_type=\"column\" data-e-type=\"column\">\n\t\t\t<div class=\"elementor-widget-wrap elementor-element-populated\">\n\t\t\t\t\t\t<div class=\"elementor-element elementor-element-eecfead elementor-widget-divider--view-line elementor-widget elementor-widget-divider\" data-id=\"eecfead\" data-element_type=\"widget\" data-e-type=\"widget\" data-widget_type=\"divider.default\">\n\t\t\t\t<div class=\"elementor-widget-container\">\n\t\t\t\t\t\t\t<div class=\"elementor-divider\">\n\t\t\t<span class=\"elementor-divider-separator\">\n\t\t\t\t\t\t<\/span>\n\t\t<\/div>\n\t\t\t\t\t\t<\/div>\n\t\t\t\t<\/div>\n\t\t\t\t\t<\/div>\n\t\t<\/div>\n\t\t\t\t\t<\/div>\n\t\t<\/section>\n\t\t\t\t<section class=\"elementor-section elementor-top-section elementor-element elementor-element-eef89c8 elementor-section-boxed elementor-section-height-default elementor-section-height-default\" data-id=\"eef89c8\" data-element_type=\"section\" data-e-type=\"section\">\n\t\t\t\t\t\t<div class=\"elementor-container elementor-column-gap-no\">\n\t\t\t\t\t<div class=\"elementor-column elementor-col-50 elementor-top-column elementor-element elementor-element-6507f88\" data-id=\"6507f88\" data-element_type=\"column\" data-e-type=\"column\">\n\t\t\t<div class=\"elementor-widget-wrap elementor-element-populated\">\n\t\t\t\t\t\t<div class=\"elementor-element elementor-element-e5a666b elementor-widget elementor-widget-heading\" data-id=\"e5a666b\" data-element_type=\"widget\" data-e-type=\"widget\" data-widget_type=\"heading.default\">\n\t\t\t\t<div class=\"elementor-widget-container\">\n\t\t\t\t\t<h2 class=\"elementor-heading-title elementor-size-default\">dirigent<\/h2>\t\t\t\t<\/div>\n\t\t\t\t<\/div>\n\t\t\t\t<div class=\"elementor-element elementor-element-7d86ee9 elementor-widget elementor-widget-text-editor\" data-id=\"7d86ee9\" data-element_type=\"widget\" data-e-type=\"widget\" data-widget_type=\"text-editor.default\">\n\t\t\t\t<div class=\"elementor-widget-container\">\n\t\t\t\t\t\t\t\t\t<p>Lukas Wanner ist Gr\u00fcnder und k\u00fcnstlerischer Leiter des professionellen Vokalensembles ZERONOVE. Geboren und aufgewachsen in Basel besch\u00e4ftigt er sich seit fr\u00fcher Kindheit mit verschiedensten Ausdrucksformen der Musik. 2005 F\u00e4higkeitsausweis Chorleitung an der Musikhochschule Z\u00fcrich, seither bildet er sich regelm\u00e4ssig in Chor- und Orchesterleitung weiter (u.a. Volker Hempfling, Beat Schaefer, Josef Zaugg, Ralph Weikert, Frieder Bernius, Liutauras Balciunas, Lior Shambadal, Martin Sieghart). Im Juli 2010 schloss er das Kirchenmusikstudium an der Musikhochschule Luzern ab (Pascal Mayer), 2011-2012 Aufbaustudium in Orchesterleitung bei Prof. Ralf Weikert in Luzern. <br \/>Seit 2004 Leitung diverser Ch\u00f6re und Ensembles der Nordwestschweiz: 2006-2013 Chor der Predigerkirche Basel, seit 2009 diverse Konzertprojekte mit dem Vokalensemble ZERONOVE (v.a. im Bereich Renaissance, Barock und Klassik), 2014-2018 Leitung des \u00abChoeur Vivaldi\u00bb in Del\u00e9mont. Im Rahmen seiner Aus- und Weiterbildungen sowie der Zusammenarbeit mit Ch\u00f6ren dirigierte er u.a.: Luzerner Symphonie Orchester; Collegium Musicum Luzern; Orchester \u00abMusique des lumi\u00e8res\u00bb; Orchester La Partita, Z\u00fcrich; Budweis Symphonic Orchestra\/Tschechien; Russe Philharmonic Orchestra\/Bulgarien; Berlin Sinfonietta; PFK Prague Philharmonic Orchestra; Moravian Philharmonic Orchestra\/Tschechien sowie verschiedene kleinere Ensembles.<\/p>\t\t\t\t\t\t\t\t<\/div>\n\t\t\t\t<\/div>\n\t\t\t\t\t<\/div>\n\t\t<\/div>\n\t\t\t\t<div class=\"elementor-column elementor-col-50 elementor-top-column elementor-element elementor-element-1118667\" data-id=\"1118667\" data-element_type=\"column\" data-e-type=\"column\">\n\t\t\t<div class=\"elementor-widget-wrap elementor-element-populated\">\n\t\t\t\t\t\t<div class=\"elementor-element elementor-element-12134f5 elementor-widget elementor-widget-image\" data-id=\"12134f5\" data-element_type=\"widget\" data-e-type=\"widget\" data-widget_type=\"image.default\">\n\t\t\t\t<div class=\"elementor-widget-container\">\n\t\t\t\t\t\t\t\t\t\t\t\t\t\t\t<img fetchpriority=\"high\" decoding=\"async\" width=\"1024\" height=\"683\" src=\"https:\/\/vokalensemble-zeronove.ch\/wp-content\/uploads\/2023\/02\/Foto-lukas1--1024x683.jpg\" class=\"attachment-large size-large wp-image-716\" alt=\"\" srcset=\"https:\/\/vokalensemble-zeronove.ch\/wp-content\/uploads\/2023\/02\/Foto-lukas1--1024x683.jpg 1024w, https:\/\/vokalensemble-zeronove.ch\/wp-content\/uploads\/2023\/02\/Foto-lukas1--300x200.jpg 300w, https:\/\/vokalensemble-zeronove.ch\/wp-content\/uploads\/2023\/02\/Foto-lukas1--768x513.jpg 768w, https:\/\/vokalensemble-zeronove.ch\/wp-content\/uploads\/2023\/02\/Foto-lukas1--1536x1025.jpg 1536w, https:\/\/vokalensemble-zeronove.ch\/wp-content\/uploads\/2023\/02\/Foto-lukas1--2048x1367.jpg 2048w\" sizes=\"(max-width: 1024px) 100vw, 1024px\" \/>\t\t\t\t\t\t\t\t\t\t\t\t\t\t\t<\/div>\n\t\t\t\t<\/div>\n\t\t\t\t\t<\/div>\n\t\t<\/div>\n\t\t\t\t\t<\/div>\n\t\t<\/section>\n\t\t\t\t<section class=\"elementor-section elementor-top-section elementor-element elementor-element-12cc84f elementor-section-boxed elementor-section-height-default elementor-section-height-default\" data-id=\"12cc84f\" data-element_type=\"section\" data-e-type=\"section\">\n\t\t\t\t\t\t<div class=\"elementor-container elementor-column-gap-default\">\n\t\t\t\t\t<div class=\"elementor-column elementor-col-100 elementor-top-column elementor-element elementor-element-261d57b\" data-id=\"261d57b\" data-element_type=\"column\" data-e-type=\"column\">\n\t\t\t<div class=\"elementor-widget-wrap elementor-element-populated\">\n\t\t\t\t\t\t<div class=\"elementor-element elementor-element-0a634c9 elementor-widget-divider--view-line elementor-widget elementor-widget-divider\" data-id=\"0a634c9\" data-element_type=\"widget\" data-e-type=\"widget\" data-widget_type=\"divider.default\">\n\t\t\t\t<div class=\"elementor-widget-container\">\n\t\t\t\t\t\t\t<div class=\"elementor-divider\">\n\t\t\t<span class=\"elementor-divider-separator\">\n\t\t\t\t\t\t<\/span>\n\t\t<\/div>\n\t\t\t\t\t\t<\/div>\n\t\t\t\t<\/div>\n\t\t\t\t\t<\/div>\n\t\t<\/div>\n\t\t\t\t\t<\/div>\n\t\t<\/section>\n\t\t\t\t<\/div>\n\t\t","protected":false},"excerpt":{"rendered":"<p>ensemble STILISTISCHE VIELFALT IN BEGEISTERNDER MUSIKALISCHER AUSF\u00dcHRUNG vokalensemble ZERONOVE Das in Basel beheimatete professionelle Vokalensemble ZERONOVE wurde 2009 gegr\u00fcndet und besteht aus solistisch ausgebildeten S\u00e4ngerinnen und S\u00e4ngern.\u00a0Es verfolgt das Ziel, oftmals weniger bekannte Vokalmusik mit hohen musikalischen Anspr\u00fcchen und in zumeist kammermusikalischer Besetzung zur Auff\u00fchrung zu bringen.\u00a0Zudem bietet das Ensemble den vorwiegend jungen S\u00e4ngerinnen und [&hellip;]<\/p>\n","protected":false},"author":1,"featured_media":0,"parent":0,"menu_order":0,"comment_status":"closed","ping_status":"closed","template":"","meta":{"site-sidebar-layout":"no-sidebar","site-content-layout":"page-builder","ast-site-content-layout":"default","site-content-style":"default","site-sidebar-style":"default","ast-global-header-display":"","ast-banner-title-visibility":"","ast-main-header-display":"","ast-hfb-above-header-display":"","ast-hfb-below-header-display":"","ast-hfb-mobile-header-display":"","site-post-title":"disabled","ast-breadcrumbs-content":"disabled","ast-featured-img":"disabled","footer-sml-layout":"","ast-disable-related-posts":"","theme-transparent-header-meta":"enabled","adv-header-id-meta":"","stick-header-meta":"","header-above-stick-meta":"","header-main-stick-meta":"","header-below-stick-meta":"","astra-migrate-meta-layouts":"default","ast-page-background-enabled":"default","ast-page-background-meta":{"desktop":{"background-color":"","background-image":"","background-repeat":"repeat","background-position":"center center","background-size":"auto","background-attachment":"scroll","background-type":"","background-media":"","overlay-type":"","overlay-color":"","overlay-opacity":"","overlay-gradient":""},"tablet":{"background-color":"","background-image":"","background-repeat":"repeat","background-position":"center center","background-size":"auto","background-attachment":"scroll","background-type":"","background-media":"","overlay-type":"","overlay-color":"","overlay-opacity":"","overlay-gradient":""},"mobile":{"background-color":"","background-image":"","background-repeat":"repeat","background-position":"center center","background-size":"auto","background-attachment":"scroll","background-type":"","background-media":"","overlay-type":"","overlay-color":"","overlay-opacity":"","overlay-gradient":""}},"ast-content-background-meta":{"desktop":{"background-color":"var(--ast-global-color-5)","background-image":"","background-repeat":"repeat","background-position":"center center","background-size":"auto","background-attachment":"scroll","background-type":"","background-media":"","overlay-type":"","overlay-color":"","overlay-opacity":"","overlay-gradient":""},"tablet":{"background-color":"var(--ast-global-color-5)","background-image":"","background-repeat":"repeat","background-position":"center center","background-size":"auto","background-attachment":"scroll","background-type":"","background-media":"","overlay-type":"","overlay-color":"","overlay-opacity":"","overlay-gradient":""},"mobile":{"background-color":"var(--ast-global-color-5)","background-image":"","background-repeat":"repeat","background-position":"center center","background-size":"auto","background-attachment":"scroll","background-type":"","background-media":"","overlay-type":"","overlay-color":"","overlay-opacity":"","overlay-gradient":""}},"footnotes":""},"class_list":["post-394","page","type-page","status-publish","hentry"],"_links":{"self":[{"href":"https:\/\/vokalensemble-zeronove.ch\/index.php?rest_route=\/wp\/v2\/pages\/394","targetHints":{"allow":["GET"]}}],"collection":[{"href":"https:\/\/vokalensemble-zeronove.ch\/index.php?rest_route=\/wp\/v2\/pages"}],"about":[{"href":"https:\/\/vokalensemble-zeronove.ch\/index.php?rest_route=\/wp\/v2\/types\/page"}],"author":[{"embeddable":true,"href":"https:\/\/vokalensemble-zeronove.ch\/index.php?rest_route=\/wp\/v2\/users\/1"}],"replies":[{"embeddable":true,"href":"https:\/\/vokalensemble-zeronove.ch\/index.php?rest_route=%2Fwp%2Fv2%2Fcomments&post=394"}],"version-history":[{"count":57,"href":"https:\/\/vokalensemble-zeronove.ch\/index.php?rest_route=\/wp\/v2\/pages\/394\/revisions"}],"predecessor-version":[{"id":974,"href":"https:\/\/vokalensemble-zeronove.ch\/index.php?rest_route=\/wp\/v2\/pages\/394\/revisions\/974"}],"wp:attachment":[{"href":"https:\/\/vokalensemble-zeronove.ch\/index.php?rest_route=%2Fwp%2Fv2%2Fmedia&parent=394"}],"curies":[{"name":"wp","href":"https:\/\/api.w.org\/{rel}","templated":true}]}}